{"id":1150,"date":"2019-07-04T06:49:21","date_gmt":"2019-07-04T04:49:21","guid":{"rendered":"http:\/\/gyneobs.com\/site\/?page_id=1150"},"modified":"2019-07-06T17:48:45","modified_gmt":"2019-07-06T15:48:45","slug":"oligo-amnios","status":"publish","type":"page","link":"http:\/\/gyneobs.com\/site\/obstetrique\/grossesses-pathologiques\/oligo-amnios\/","title":{"rendered":"Oligo-amnios"},"content":{"rendered":"\n<h2 class=\"wp-block-heading\"><strong>I-D\u00e9finition<\/strong><\/h2>\n\n\n\n<p>L\u2019oligo-amnios correspond \u00e0 une quantit\u00e9 insuffisante de lquide amniotique. Le diagnostic d\u2019un oligoamnios est \u00e9chographique : mesure de la plus grande citerne (&lt; 2 centim\u00e8tre ) ou de l&rsquo;index amniotique de Phelan (&lt;5eme percentile pour l\u2019\u00e2ge gestationnel (selon la courbe de Magann et al.). <strong>Voir le chapitre: Les annexes du foetus-Liquide amniotique.&nbsp;<\/strong><\/p>\n\n\n\n<p>On distingue l\u2019ologo-amnios mod\u00e9r\u00e9 (mesure de la plus grande citerne &lt;3cm)&nbsp; et l\u2019oligo-amnios s\u00e9v\u00e8re (&lt;1cm) pouvant confiner \u00e0 l\u2019anamnios (absence compl\u00e8te de liquide amniotique). L&rsquo;oligoamnios s\u00e9v\u00e8re des 1er et 2\u00e8me trimestres est grave.&nbsp;<\/p>\n\n\n\n<h2 class=\"wp-block-heading\"><strong>II-Risques<\/strong><\/h2>\n\n\n\n<p>&nbsp; &nbsp; -Hypoplasie pulmonaire s\u00e9v\u00e8re .<\/p>\n\n\n\n<p>&nbsp; &nbsp; -Anomalie de l&rsquo;appareil locomoteur li\u00e9e \u00e0 l&rsquo;absence de mobilit\u00e9 foetale.&nbsp;<\/p>\n\n\n\n<h2 class=\"wp-block-heading\"><strong>III-Conduite \u00e0 tenir et bilan \u00e9tiologique<\/strong><\/h2>\n\n\n\n<p>&nbsp; &nbsp; 1-Eliminer une rupture pr\u00e9matur\u00e9e des mambranes (Actim Prom\u00ae et Amnisure\u00ae).<\/p>\n\n\n\n<p>&nbsp; &nbsp; 2-Echographie morphologique d\u00e9taill\u00e9e \u00e0 la recherche :&nbsp;<\/p>\n\n\n\n<p>&nbsp; &nbsp; &nbsp; &nbsp; -d\u2019une anomalie des voies urinaires&nbsp;<\/p>\n\n\n\n<p>&nbsp; &nbsp; &nbsp; &nbsp; -d\u2019une n\u00e9phropathies bilat\u00e9rales&nbsp;<\/p>\n\n\n\n<p>&nbsp; &nbsp; &nbsp; &nbsp; -d\u2019autres malformations\/syndromes comme r\u00e9gression caudale, malformations du tractus urog\u00e9nital, Prune-Belly, Meckel-Gruber \u2026&nbsp;<\/p>\n\n\n\n<p>&nbsp; &nbsp; &nbsp; &nbsp; -d\u2019un retrd de croissance intra-ut\u00e9rin, vasculaire ou chromosomique ou viral.<\/p>\n\n\n\n<p>&nbsp; &nbsp; 3-Recherche d\u2019une autre cause: grossesse prolong\u00e9e, prise m\u00e9dicamenteuse (AINS, inhibiteurs de l&rsquo;enzyme de conversion de l&rsquo;angiotensine)&nbsp;<\/p>\n\n\n\n<h2 class=\"wp-block-heading\"><strong>IV-Prise en charge<\/strong><\/h2>\n\n\n\n<p>La prise en charge d\u00e9pend tout d&rsquo;abord de l&rsquo;\u00e9tiologie et de l\u2019\u00e2ge gestationnel.&nbsp;<\/p>\n\n\n\n<p>Un cas particulier est celui&nbsp; de l&rsquo;oligoamnios s\u00e9v\u00e8re des 1er et 2\u00e8me trimestres o\u00f9 l\u2019on est en pr\u00e9sence d\u2019un risque d\u2019hypoplasie pulmonaire s\u00e9v\u00e8re et\/ou d\u2019anomalie de l&rsquo;appareil locomoteur li\u00e9e \u00e0 l&rsquo;absence de mobilit\u00e9 foetale. Ces cas n\u00e9cessitent une concertation obst\u00e9trico-p\u00e9diatrique et une information des parents pour d\u00e9finir l&rsquo;avenir de la grossesse. Le pronostic est tr\u00e8s sombre lorsqu&rsquo;il s\u2019agit d\u2019un anamnios surtout&nbsp; apparaissant pr\u00e9cocement, avant 22 semaines, en raison du risque d\u2019hypoplasie pulmonaire dont l\u2019\u00e9valuation \u00e0 ce jour en ant\u00e9natal reste difficile.&nbsp;<\/p>\n\n\n\n<p>L\u2019interruption m\u00e9dicale de grossesse,&nbsp; si souhait des parents, sera discut\u00e9e apr\u00e8s expertise d&rsquo;un Centre pluridisciplinaire de diagnostic pr\u00e9natal, notamment en cas :&nbsp;<\/p>\n\n\n\n<p>&nbsp; &nbsp; -D&rsquo;anomalie chromosomique&nbsp;<\/p>\n\n\n\n<p>&nbsp; &nbsp; -D&rsquo;associations malformatives&nbsp;<\/p>\n\n\n\n<p>&nbsp; &nbsp; -De n\u00e9phropathie bilat\u00e9rale&nbsp;<\/p>\n\n\n\n<p>&nbsp; &nbsp; -D&rsquo;uropathie obstructive bilat\u00e9rale apr\u00e8s \u00e9tude du parenchyme r\u00e9nal et de la fonction r\u00e9nale sur un pr\u00e9l\u00e8vement de sang foetale&nbsp;<\/p>\n\n\n\n<p>&nbsp; &nbsp; -Ou m\u00eame sans \u00e9tiologie identifi\u00e9e en ant\u00e9natal, en cas de rupture pr\u00e9matur\u00e9e des membranes avant 20 ou 22 semaines associ\u00e9e \u00e0 un anamnios persistant pendant au moins 7 jours&nbsp; (sans r\u00e9apparition de liquide&nbsp; autour du foetus)&nbsp;<br><\/p>\n","protected":false},"excerpt":{"rendered":"<p>I-D\u00e9finition L\u2019oligo-amnios correspond \u00e0 une quantit\u00e9 insuffisante de lquide amniotique. Le diagnostic d\u2019un oligoamnios est \u00e9chographique : mesure de la plus grande citerne (&lt; 2 centim\u00e8tre ) ou de l&rsquo;index amniotique de Phelan (&lt;5eme percentile pour l\u2019\u00e2ge gestationnel (selon la courbe de Magann et al.). Voir le chapitre: Les annexes du foetus-Liquide amniotique.&nbsp; On distingue [&hellip;]<\/p>\n","protected":false},"author":1,"featured_media":0,"parent":1124,"menu_order":7,"comment_status":"closed","ping_status":"closed","template":"","meta":{"_exactmetrics_skip_tracking":false,"_exactmetrics_sitenote_active":false,"_exactmetrics_sitenote_note":"","_exactmetrics_sitenote_category":0,"footnotes":""},"class_list":["post-1150","page","type-page","status-publish","hentry","post"],"_links":{"self":[{"href":"http:\/\/gyneobs.com\/site\/wp-json\/wp\/v2\/pages\/1150","targetHints":{"allow":["GET"]}}],"collection":[{"href":"http:\/\/gyneobs.com\/site\/wp-json\/wp\/v2\/pages"}],"about":[{"href":"http:\/\/gyneobs.com\/site\/wp-json\/wp\/v2\/types\/page"}],"author":[{"embeddable":true,"href":"http:\/\/gyneobs.com\/site\/wp-json\/wp\/v2\/users\/1"}],"replies":[{"embeddable":true,"href":"http:\/\/gyneobs.com\/site\/wp-json\/wp\/v2\/comments?post=1150"}],"version-history":[{"count":2,"href":"http:\/\/gyneobs.com\/site\/wp-json\/wp\/v2\/pages\/1150\/revisions"}],"predecessor-version":[{"id":1796,"href":"http:\/\/gyneobs.com\/site\/wp-json\/wp\/v2\/pages\/1150\/revisions\/1796"}],"up":[{"embeddable":true,"href":"http:\/\/gyneobs.com\/site\/wp-json\/wp\/v2\/pages\/1124"}],"wp:attachment":[{"href":"http:\/\/gyneobs.com\/site\/wp-json\/wp\/v2\/media?parent=1150"}],"curies":[{"name":"wp","href":"https:\/\/api.w.org\/{rel}","templated":true}]}}