{"id":1127,"date":"2019-07-04T06:31:13","date_gmt":"2019-07-04T04:31:13","guid":{"rendered":"http:\/\/gyneobs.com\/site\/?page_id=1127"},"modified":"2019-08-17T11:20:16","modified_gmt":"2019-08-17T09:20:16","slug":"pathologies-et-grossesse","status":"publish","type":"page","link":"http:\/\/gyneobs.com\/site\/obstetrique\/pathologies-et-grossesse\/","title":{"rendered":"PATHOLOGIES ET GROSSESSE"},"content":{"rendered":"<p><div id=\"ccchildpages-1\" class=\"ccchildpages  simple ccclearfix\"><ul class=\"ccchildpages_list ccclearfix\"><li class=\"page_item page-item-1171\"><a href=\"http:\/\/gyneobs.com\/site\/obstetrique\/pathologies-et-grossesse\/la-rubeole\/\">La rub\u00e9ole<\/a><\/li>\n<li class=\"page_item page-item-1173\"><a href=\"http:\/\/gyneobs.com\/site\/obstetrique\/pathologies-et-grossesse\/la-toxoplasmose\/\">La toxoplasmose<\/a><\/li>\n<li class=\"page_item page-item-1203\"><a href=\"http:\/\/gyneobs.com\/site\/obstetrique\/pathologies-et-grossesse\/herpes-genital\/\">Herp\u00e8s g\u00e9nital<\/a><\/li>\n<li class=\"page_item page-item-1205\"><a href=\"http:\/\/gyneobs.com\/site\/obstetrique\/pathologies-et-grossesse\/virus-zika-et-grossesse\/\">Virus Zika et grossesse<\/a><\/li>\n<li class=\"page_item page-item-2593\"><a href=\"http:\/\/gyneobs.com\/site\/obstetrique\/pathologies-et-grossesse\/epilepsie-et-procreation\/\">Epilepsie et procr\u00e9ation<\/a><\/li>\n<li class=\"page_item page-item-1209\"><a href=\"http:\/\/gyneobs.com\/site\/obstetrique\/pathologies-et-grossesse\/sida-et-grossesse\/\">SIDA et grossesse<\/a><\/li>\n<li class=\"page_item page-item-1211\"><a href=\"http:\/\/gyneobs.com\/site\/obstetrique\/pathologies-et-grossesse\/colique-nephretique-et-grossesse\/\">Colique n\u00e9phr\u00e9tique et grossesse<\/a><\/li>\n<li class=\"page_item page-item-1167\"><a href=\"http:\/\/gyneobs.com\/site\/obstetrique\/pathologies-et-grossesse\/thrombopenies-et-grossesse\/\">Thrombop\u00e9nies et grossesse<\/a><\/li>\n<li class=\"page_item page-item-1213\"><a href=\"http:\/\/gyneobs.com\/site\/obstetrique\/pathologies-et-grossesse\/thyroide-et-grossesse\/\">Thyro\u00efde et grossesse<\/a><\/li>\n<li class=\"page_item page-item-1215\"><a href=\"http:\/\/gyneobs.com\/site\/obstetrique\/pathologies-et-grossesse\/sclerose-en-plaques-et-grossesse\/\">Scl\u00e9rose en plaques et grossesse<\/a><\/li>\n<li class=\"page_item page-item-1217\"><a href=\"http:\/\/gyneobs.com\/site\/obstetrique\/pathologies-et-grossesse\/maladie-de-crohn-et-grossesse\/\">Maladie de Crohn et grossesse<\/a><\/li>\n<li class=\"page_item page-item-1219\"><a href=\"http:\/\/gyneobs.com\/site\/obstetrique\/pathologies-et-grossesse\/chirurgie-bariatrique-chirurgie-de-lobesite-et-grossesse\/\">Chirurgie bariatrique (=chirurgie de l\u2019ob\u00e9sit\u00e9)  et grossesse<\/a><\/li>\n<li class=\"page_item page-item-1187\"><a href=\"http:\/\/gyneobs.com\/site\/obstetrique\/pathologies-et-grossesse\/hepatite-b-et-grossesse\/\">H\u00e9patite B et grossesse<\/a><\/li>\n<li class=\"page_item page-item-1191\"><a href=\"http:\/\/gyneobs.com\/site\/obstetrique\/pathologies-et-grossesse\/hepatite-c-et-grossesse\/\">H\u00e9patite C et grossesse<\/a><\/li>\n<li class=\"page_item page-item-1195\"><a href=\"http:\/\/gyneobs.com\/site\/obstetrique\/pathologies-et-grossesse\/fievre-et-grossesse\/\">Fi\u00e8vre et grossesse<\/a><\/li>\n<li class=\"page_item page-item-1197\"><a href=\"http:\/\/gyneobs.com\/site\/obstetrique\/pathologies-et-grossesse\/tuberculose-et-grossesse\/\">Tuberculose et grossesse<\/a><\/li>\n<li class=\"page_item page-item-1199\"><a href=\"http:\/\/gyneobs.com\/site\/obstetrique\/pathologies-et-grossesse\/radiations-et-grossesse\/\">Radiations et grossesse<\/a><\/li>\n<li class=\"page_item page-item-1185\"><a href=\"http:\/\/gyneobs.com\/site\/obstetrique\/pathologies-et-grossesse\/varicelle-et-grossesse\/\">Varicelle et grossesse<\/a><\/li>\n<li class=\"page_item page-item-1177\"><a href=\"http:\/\/gyneobs.com\/site\/obstetrique\/pathologies-et-grossesse\/streptocoque-b-et-grossesse\/\">Streptocoque B et grossesse<\/a><\/li>\n<li class=\"page_item page-item-1179\"><a href=\"http:\/\/gyneobs.com\/site\/obstetrique\/pathologies-et-grossesse\/la-listeriose\/\">La list\u00e9riose<\/a><\/li>\n<li class=\"page_item page-item-1181\"><a href=\"http:\/\/gyneobs.com\/site\/obstetrique\/pathologies-et-grossesse\/cytomegalovirus-et-grossesse\/\">Cytom\u00e9galovirus et grossesse<\/a><\/li>\n<li class=\"page_item page-item-1183\"><a href=\"http:\/\/gyneobs.com\/site\/obstetrique\/pathologies-et-grossesse\/parvovirus-et-grossesse\/\">Parvovirus et grossesse<\/a><\/li>\n<li class=\"page_item page-item-2442\"><a href=\"http:\/\/gyneobs.com\/site\/obstetrique\/pathologies-et-grossesse\/addictions-et-grossesse\/\">Addictions et grossesse<\/a><\/li>\n<li class=\"page_item page-item-1112\"><a href=\"http:\/\/gyneobs.com\/site\/obstetrique\/pathologies-et-grossesse\/1112-2\/\">Alcool et grossesse<\/a><\/li><\/ul><\/div><br \/>\n<div id=\"ccchildpages-2\" class=\"ccchildpages threecol simple ccclearfix\"><div class=\"ccchildpage  ccfirst ccodd ccpage-count-1 ccpage-id-1171 ccpage-la-rubeole ccpage-has-parent ccpage-pid-1127 ccpage-parent-pathologies-et-grossesse\"><h3>La rub\u00e9ole<\/h3><div class=\"ccpages_excerpt\">La rub\u00e9ole est une maladie ordinairement b\u00e9nigne qui&nbsp; est class\u00e9e dans les maladies infantiles. A l'heure actuelle, la politique m\u00e9dicale voudrait que tous les enfants soient vaccin\u00e9s contre cette maladie.&nbsp; Attraper la rub\u00e9ole en d\u00e9but de grossesse peut avoir de s\u00e9rieuses cons\u00e9quences sur le b\u00e9b\u00e9, avec en particulier le risque de graves malformations.&nbsp; C'est pourquoi...<\/div><p class=\"ccpages_more\"><a href=\"http:\/\/gyneobs.com\/site\/obstetrique\/pathologies-et-grossesse\/la-rubeole\/\"  title=\"Plus ...\">Plus ...<\/a><\/p><\/div><div class=\"ccchildpage  cceven ccpage-count-2 ccpage-id-1173 ccpage-la-toxoplasmose ccpage-has-parent ccpage-pid-1127 ccpage-parent-pathologies-et-grossesse\"><h3>La toxoplasmose<\/h3><div class=\"ccpages_excerpt\">La toxoplasmose est une maladie parasitaire sans aucune gravit\u00e9 lorsqu'elle est contract\u00e9e en dehors d'une grossesse. Les sympt\u00f4mes en sont souvent tout \u00e0 fait banals ou inapparents et c\u2019est donc pendant la premi\u00e8re consultation de la grossesse que l'on saura si vous \u00eates immunis\u00e9e ou non. Les statistiques indiquent que 60% \u00e0 80% des femmes...<\/div><p class=\"ccpages_more\"><a href=\"http:\/\/gyneobs.com\/site\/obstetrique\/pathologies-et-grossesse\/la-toxoplasmose\/\"  title=\"Plus ...\">Plus ...<\/a><\/p><\/div><div class=\"ccchildpage  cclast ccodd ccpage-count-3 ccpage-id-1203 ccpage-herpes-genital ccpage-has-parent ccpage-pid-1127 ccpage-parent-pathologies-et-grossesse\"><h3>Herp\u00e8s g\u00e9nital<\/h3><div class=\"ccpages_excerpt\">L\u2019herp\u00e8s g\u00e9nital est une maladie virale sexuellement transmissible fr\u00e9quente et hautement contagieuse&nbsp; Les virus de l\u2019herp\u00e8s &nbsp; Les virus Herpes simplex (HSV) font partie de la famille des Herpesviridae qui comporte huit types. Les deux premiers sont responsables de l\u2019herp\u00e8s. Ce sont&nbsp;: -HHV-1 = HSV-1 (herpes simplex virus 1)&nbsp;: provoque l'herp\u00e8s buccal&nbsp;; c\u2019est le classique...<\/div><p class=\"ccpages_more\"><a href=\"http:\/\/gyneobs.com\/site\/obstetrique\/pathologies-et-grossesse\/herpes-genital\/\"  title=\"Plus ...\">Plus ...<\/a><\/p><\/div><div class=\"ccchildpage  ccfirst cceven ccpage-count-4 ccpage-id-1205 ccpage-virus-zika-et-grossesse ccpage-has-parent ccpage-pid-1127 ccpage-parent-pathologies-et-grossesse\"><h3>Virus Zika et grossesse<\/h3><div class=\"ccpages_excerpt\">Moustique transmetteur Le virus ZIKA (ZIKV) est un flavivirus de la m\u00eame famille que les virus de la dengue et de la fi\u00e8vre jaune, transmis par les moustiques du genre Aedes. ZIKV est connu depuis 1947 et a \u00e9t\u00e9 responsable jusqu\u2019\u00e0 2013 de cas sporadiques ou de petites \u00e9pid\u00e9mies. Apr\u00e8s son \u00e9mergence en Polyn\u00e9sie fran\u00e7aise...<\/div><p class=\"ccpages_more\"><a href=\"http:\/\/gyneobs.com\/site\/obstetrique\/pathologies-et-grossesse\/virus-zika-et-grossesse\/\"  title=\"Plus ...\">Plus ...<\/a><\/p><\/div><div class=\"ccchildpage  ccodd ccpage-count-5 ccpage-id-2593 ccpage-epilepsie-et-procreation ccpage-has-parent ccpage-pid-1127 ccpage-parent-pathologies-et-grossesse\"><h3>Epilepsie et procr\u00e9ation<\/h3><div class=\"ccpages_excerpt\">Qu\u2019est-ce-que l\u2019\u00e9pilepsie&nbsp;? L'\u00e9pilepsie est le trouble neurologique le plus fr\u00e9quent apr\u00e8s la migraine. En France, il y aurait 400.000 \u00e0 500.000 personnes \u00e9pileptiques. Chaque ann\u00e9e, 4.000 enfants de moins de 10 ans deviennent \u00e9pileptiques.&nbsp;L'\u00e9pilepsie ne conna\u00eet pas de limites g\u00e9ographiques, raciales ou sociales. Environ 5% de la population mondiale conna\u00eetra une crise au cours de...<\/div><p class=\"ccpages_more\"><a href=\"http:\/\/gyneobs.com\/site\/obstetrique\/pathologies-et-grossesse\/epilepsie-et-procreation\/\"  title=\"Plus ...\">Plus ...<\/a><\/p><\/div><div class=\"ccchildpage  cclast cceven ccpage-count-6 ccpage-id-1209 ccpage-sida-et-grossesse ccpage-has-parent ccpage-pid-1127 ccpage-parent-pathologies-et-grossesse\"><h3>SIDA et grossesse<\/h3><div class=\"ccpages_excerpt\">Le SIDA est l'abr\u00e9viation de syndrome d'immunod\u00e9ficience acquise. C'est une maladie sexuellement transmissible, caus\u00e9e par un virus appel\u00e9 VIH, ou virus d'immunod\u00e9ficience humaine. En France, on compte environ 1 500 accouchements de femmes VIH+ par an. La prise en charge des femmes enceintes VIH+ a pour but de diminuer le risque de transmission materno-foetale (TMF)...<\/div><p class=\"ccpages_more\"><a href=\"http:\/\/gyneobs.com\/site\/obstetrique\/pathologies-et-grossesse\/sida-et-grossesse\/\"  title=\"Plus ...\">Plus ...<\/a><\/p><\/div><div class=\"ccchildpage  ccfirst ccodd ccpage-count-7 ccpage-id-1211 ccpage-colique-nephretique-et-grossesse ccpage-has-parent ccpage-pid-1127 ccpage-parent-pathologies-et-grossesse\"><h3>Colique n\u00e9phr\u00e9tique et grossesse<\/h3><div class=\"ccpages_excerpt\">I-Fr\u00e9quence La lithiase urinaire est une pathologie fr\u00e9quente touchant 2 \u00e0 3&nbsp;% de la population g\u00e9n\u00e9rale. Son incidence chez la femme enceinte varie de 0,026 \u00e0 0,5&nbsp;% selon les \u00e9tudes. Cette incidence est semblable \u00e0 l\u2019incidence des lithiases urinaires chez les femmes non enceintes en \u00e2ge de procr\u00e9er . C\u2019est toutefois la cause la plus...<\/div><p class=\"ccpages_more\"><a href=\"http:\/\/gyneobs.com\/site\/obstetrique\/pathologies-et-grossesse\/colique-nephretique-et-grossesse\/\"  title=\"Plus ...\">Plus ...<\/a><\/p><\/div><div class=\"ccchildpage  cceven ccpage-count-8 ccpage-id-1167 ccpage-thrombopenies-et-grossesse ccpage-has-parent ccpage-pid-1127 ccpage-parent-pathologies-et-grossesse\"><h3>Thrombop\u00e9nies et grossesse<\/h3><div class=\"ccpages_excerpt\">I-D\u00e9finition La thrombop\u00e9nie se d\u00e9finit par une&nbsp; num\u00e9ration plaquettaire inf\u00e9rieure \u00e0 150 x 109\/L. Il faut savoir&nbsp; qu\u2019une d\u00e9croissance mod\u00e9r\u00e9e du nombre des plaquettes est habituelle au cours de la grossesse.&nbsp; Une d\u00e9croissance accentu\u00e9e de la num\u00e9ration plaquettaire au cours de la grossesse doit donc \u00eatre consid\u00e9r\u00e9e comme anormale et conduire \u00e0 une recherche \u00e9tiologique...<\/div><p class=\"ccpages_more\"><a href=\"http:\/\/gyneobs.com\/site\/obstetrique\/pathologies-et-grossesse\/thrombopenies-et-grossesse\/\"  title=\"Plus ...\">Plus ...<\/a><\/p><\/div><div class=\"ccchildpage  cclast ccodd ccpage-count-9 ccpage-id-1213 ccpage-thyroide-et-grossesse ccpage-has-parent ccpage-pid-1127 ccpage-parent-pathologies-et-grossesse\"><h3>Thyro\u00efde et grossesse<\/h3><div class=\"ccpages_excerpt\">I-G\u00e9n\u00e9ralit\u00e9s sur la physiologie thyro\u00efdienne La glande thyro\u00efde produit les hormones T3 (tri-iodothyronine) et T4 (t\u00e9traiodothyronine ou thyroxine). La thyroxine ou T4 est en fait une prohormone qui,&nbsp; pour \u00eatre pleinement active, doit \u00eatre d\u00e9siodis\u00e9e en triiodothyronine&nbsp; (T3) par une enzyme appel\u00e9e thyroxine 5\u2019-d\u00e9siodase. 90% de la T3 provient de cette transformation, la glande n\u2019en...<\/div><p class=\"ccpages_more\"><a href=\"http:\/\/gyneobs.com\/site\/obstetrique\/pathologies-et-grossesse\/thyroide-et-grossesse\/\"  title=\"Plus ...\">Plus ...<\/a><\/p><\/div><div class=\"ccchildpage  ccfirst cceven ccpage-count-10 ccpage-id-1215 ccpage-sclerose-en-plaques-et-grossesse ccpage-has-parent ccpage-pid-1127 ccpage-parent-pathologies-et-grossesse\"><h3>Scl\u00e9rose en plaques et grossesse<\/h3><div class=\"ccpages_excerpt\">I-G\u00e9n\u00e9ralit\u00e9s sur la scl\u00e9rose en plaque La scl\u00e9rose en plaques est une maladie auto-immune qui affecte le syst\u00e8me nerveux central. La maladie fait intervenir des m\u00e9canismes auto-immuns complexes qui attaquent les cellules charg\u00e9es de synth\u00e9tiser la gaine de my\u00e9line qui entoure les axones&nbsp;dans le syst\u00e8me nerveux central. Ce ph\u00e9nom\u00e8ne entraine des&nbsp;l\u00e9sions \u00e0 l\u2019aspect scl\u00e9reux (\u00e9pais...<\/div><p class=\"ccpages_more\"><a href=\"http:\/\/gyneobs.com\/site\/obstetrique\/pathologies-et-grossesse\/sclerose-en-plaques-et-grossesse\/\"  title=\"Plus ...\">Plus ...<\/a><\/p><\/div><div class=\"ccchildpage  ccodd ccpage-count-11 ccpage-id-1217 ccpage-maladie-de-crohn-et-grossesse ccpage-has-parent ccpage-pid-1127 ccpage-parent-pathologies-et-grossesse\"><h3>Maladie de Crohn et grossesse<\/h3><div class=\"ccpages_excerpt\">La maladie de Crohn est une maladie&nbsp; inflammatoire chronique pouvant toucher tous les segments du tube digestif. L'il\u00e9on, le c\u00f4lon et l'anus sont les segments les plus fr\u00e8quemment atteints.&nbsp;Les l\u00e9sions sont segmentaires, asym\u00e9triques, g\u00e9n\u00e9ralement profondes, s\u00e9par\u00e9es par des zones saines, et peuvent parfois \u00eatre \u00e0 l'origine de fissures, de&nbsp; fistules et de&nbsp; st\u00e9noses.&nbsp;La maladie&nbsp;\u00e9volue par...<\/div><p class=\"ccpages_more\"><a href=\"http:\/\/gyneobs.com\/site\/obstetrique\/pathologies-et-grossesse\/maladie-de-crohn-et-grossesse\/\"  title=\"Plus ...\">Plus ...<\/a><\/p><\/div><div class=\"ccchildpage  cclast cceven ccpage-count-12 ccpage-id-1219 ccpage-chirurgie-bariatrique-chirurgie-de-lobesite-et-grossesse ccpage-has-parent ccpage-pid-1127 ccpage-parent-pathologies-et-grossesse\"><h3>Chirurgie bariatrique (=chirurgie de l\u2019ob\u00e9sit\u00e9)  et grossesse<\/h3><div class=\"ccpages_excerpt\">I-Principes de la chirurgie bariatrique La chirurgie bariatrique consiste \u00e0 r\u00e9duire la taille de l\u2019estomac et \u00e9ventuellement la longueur de l\u2019intestin. Il existe deux grands types de m\u00e9thodes : -Les techniques restrictives pures qui visent \u00e0 restreindre l\u2019absorption des aliments en diminuant la capacit\u00e9 de l\u2019estomac \u00e0 recevoir des aliments et donc l\u2019apport calorique journalier...<\/div><p class=\"ccpages_more\"><a href=\"http:\/\/gyneobs.com\/site\/obstetrique\/pathologies-et-grossesse\/chirurgie-bariatrique-chirurgie-de-lobesite-et-grossesse\/\"  title=\"Plus ...\">Plus ...<\/a><\/p><\/div><div class=\"ccchildpage  ccfirst ccodd ccpage-count-13 ccpage-id-1187 ccpage-hepatite-b-et-grossesse ccpage-has-parent ccpage-pid-1127 ccpage-parent-pathologies-et-grossesse\"><h3>H\u00e9patite B et grossesse<\/h3><div class=\"ccpages_excerpt\">L'h\u00e9patite B est une maladie du foie qui est due \u00e0 un virus \u00e0 ADN de la famille des H\u00e9padnavirus. A l'instar du SIDA, l'h\u00e9patite B est consid\u00e9r\u00e9e par l'Organisation Mondiale de la Sant\u00e9 (OMS) comme un probl\u00e8me majeur de sant\u00e9 publique. Dans le monde, environ 350 millions de personnes seraient porteuses du virus et...<\/div><p class=\"ccpages_more\"><a href=\"http:\/\/gyneobs.com\/site\/obstetrique\/pathologies-et-grossesse\/hepatite-b-et-grossesse\/\"  title=\"Plus ...\">Plus ...<\/a><\/p><\/div><div class=\"ccchildpage  cceven ccpage-count-14 ccpage-id-1191 ccpage-hepatite-c-et-grossesse ccpage-has-parent ccpage-pid-1127 ccpage-parent-pathologies-et-grossesse\"><h3>H\u00e9patite C et grossesse<\/h3><div class=\"ccpages_excerpt\">L\u2019h\u00e9patite C concerne moins de 1% des femmes enceintes. C\u2019est une infection souvent associ\u00e9e au HIV qu\u2019il faut rechercher syst\u00e9matiquement car une co-infection avec le HIV (ou VIH) augmente le risque de transmission. Le virus Le virus de l\u2019h\u00e9patite C est un&nbsp;organisme vivant minuscule d\u2019apparence tr\u00e8s rudimentaire. Virus de l'h\u00e9patite C De forme grossi\u00e8rement arrondie,...<\/div><p class=\"ccpages_more\"><a href=\"http:\/\/gyneobs.com\/site\/obstetrique\/pathologies-et-grossesse\/hepatite-c-et-grossesse\/\"  title=\"Plus ...\">Plus ...<\/a><\/p><\/div><div class=\"ccchildpage  cclast ccodd ccpage-count-15 ccpage-id-1195 ccpage-fievre-et-grossesse ccpage-has-parent ccpage-pid-1127 ccpage-parent-pathologies-et-grossesse\"><h3>Fi\u00e8vre et grossesse<\/h3><div class=\"ccpages_excerpt\">La fi\u00e8vre de la femme enceinte est le plus souvent en rapport avec une infection b\u00e9nigne sans cons\u00e9quence pour le foetus mais qui peut dans certains cas exposer \u00e0 de graves complications obst\u00e9tricales ou n\u00e9onatales. Conduite clinique L'interrogatoire recherche les ant\u00e9c\u00e9dents pr\u00e9disposants (infection urinaire \u00e0 r\u00e9p\u00e9tition ou uropathies, maladies chroniques, immunod\u00e9pression, pr\u00e9maturit\u00e9, tabac, etc.), les...<\/div><p class=\"ccpages_more\"><a href=\"http:\/\/gyneobs.com\/site\/obstetrique\/pathologies-et-grossesse\/fievre-et-grossesse\/\"  title=\"Plus ...\">Plus ...<\/a><\/p><\/div><div class=\"ccchildpage  ccfirst cceven ccpage-count-16 ccpage-id-1197 ccpage-tuberculose-et-grossesse ccpage-has-parent ccpage-pid-1127 ccpage-parent-pathologies-et-grossesse\"><h3>Tuberculose et grossesse<\/h3><div class=\"ccpages_excerpt\">La tuberculose est une maladie \u00e0 transmission respiratoire due \u00e0 une mycobact\u00e9rie, le Mycobacterium Tuberculosis plus connu sous le nom de bacille de Koch ou BK. Elle n\u2019est pas exceptionnelle aujourd\u2019hui.&nbsp; Signes \u00e9vocateurs Il faut savoir \u00e9voquer la tuberculose devant certains signes. &nbsp; &nbsp; &nbsp; &nbsp; -Une notion de contage. &nbsp; &nbsp; &nbsp; &nbsp; -Des...<\/div><p class=\"ccpages_more\"><a href=\"http:\/\/gyneobs.com\/site\/obstetrique\/pathologies-et-grossesse\/tuberculose-et-grossesse\/\"  title=\"Plus ...\">Plus ...<\/a><\/p><\/div><div class=\"ccchildpage  ccodd ccpage-count-17 ccpage-id-1199 ccpage-radiations-et-grossesse ccpage-has-parent ccpage-pid-1127 ccpage-parent-pathologies-et-grossesse\"><h3>Radiations et grossesse<\/h3><div class=\"ccpages_excerpt\">Il existe une mauvaise information, voire une d\u00e9sinformation, dans l\u2019esprit du public et d\u2019un certain nombre de m\u00e9decins, concernant les risques pour l\u2019enfant \u00e0 na\u00eetre de toute doses de rayonnements ionisants. D\u2019o\u00f9 \u00e0 chaque examen radiologique , une grande anxi\u00e9t\u00e9 et des interruptions abusives de grossesse. Un point sur les unit\u00e9s de mesure: le Gray...<\/div><p class=\"ccpages_more\"><a href=\"http:\/\/gyneobs.com\/site\/obstetrique\/pathologies-et-grossesse\/radiations-et-grossesse\/\"  title=\"Plus ...\">Plus ...<\/a><\/p><\/div><div class=\"ccchildpage  cclast cceven ccpage-count-18 ccpage-id-1185 ccpage-varicelle-et-grossesse ccpage-has-parent ccpage-pid-1127 ccpage-parent-pathologies-et-grossesse\"><h3>Varicelle et grossesse<\/h3><div class=\"ccpages_excerpt\"><\/div><p class=\"ccpages_more\"><a href=\"http:\/\/gyneobs.com\/site\/obstetrique\/pathologies-et-grossesse\/varicelle-et-grossesse\/\"  title=\"Plus ...\">Plus ...<\/a><\/p><\/div><div class=\"ccchildpage  ccfirst ccodd ccpage-count-19 ccpage-id-1177 ccpage-streptocoque-b-et-grossesse ccpage-has-parent ccpage-pid-1127 ccpage-parent-pathologies-et-grossesse\"><h3>Streptocoque B et grossesse<\/h3><div class=\"ccpages_excerpt\">Le streptocoque B aussi appel\u00e9 Streptocoque Agalactiae&nbsp; a pour r\u00e9servoir essentiel le tube digestif \u00e0 partir duquel se fait la colonisation des voies g\u00e9nitales, souvent intermittente. Il peut parfois \u00eatre \u00e0 l\u2019origine d\u2019infections (urinaires, vaginales\u2026), mais le plus souvent, il ne provoquent aucun sympt\u00f4me chez la femme et n\u2019est habituellemnt pas trait\u00e9 \u00e0 l\u2019exception du...<\/div><p class=\"ccpages_more\"><a href=\"http:\/\/gyneobs.com\/site\/obstetrique\/pathologies-et-grossesse\/streptocoque-b-et-grossesse\/\"  title=\"Plus ...\">Plus ...<\/a><\/p><\/div><div class=\"ccchildpage  cceven ccpage-count-20 ccpage-id-1179 ccpage-la-listeriose ccpage-has-parent ccpage-pid-1127 ccpage-parent-pathologies-et-grossesse\"><h3>La list\u00e9riose<\/h3><div class=\"ccpages_excerpt\">Infection bact\u00e9rienne due \u00e0 Listeria Monocytogenes, la list\u00e9riose est autant b\u00e9nigne pour la femme enceinte qu\u2019elle est redoutable pour le f\u0153tus. Sa fr\u00e9quence, qui est difficile \u00e0 \u00e9tablir, se situerait aux alentours de 5 pour mille. Listeria monocytogenes est un petit bacille tr\u00e8s r\u00e9sistant et qui est extr\u00eamement r\u00e9pandu dans le milieu ext\u00e9rieur : sol,...<\/div><p class=\"ccpages_more\"><a href=\"http:\/\/gyneobs.com\/site\/obstetrique\/pathologies-et-grossesse\/la-listeriose\/\"  title=\"Plus ...\">Plus ...<\/a><\/p><\/div><div class=\"ccchildpage  cclast ccodd ccpage-count-21 ccpage-id-1181 ccpage-cytomegalovirus-et-grossesse ccpage-has-parent ccpage-pid-1127 ccpage-parent-pathologies-et-grossesse\"><h3>Cytom\u00e9galovirus et grossesse<\/h3><div class=\"ccpages_excerpt\">Le Cytom\u00e9galovirus, ou CMV, est le virus qui cause le plus grand nombre d\u2019infections transmissibles de la m\u00e8re \u00e0 son futur b\u00e9b\u00e9.&nbsp; La future m\u00e8re peut \u00eatre contamin\u00e9e par la salive ou les urines des enfants en bas \u00e2ge. En effet un tiers des petits enfants sont porteurs du virus, surtout s\u2019ils sont en cr\u00e8che....<\/div><p class=\"ccpages_more\"><a href=\"http:\/\/gyneobs.com\/site\/obstetrique\/pathologies-et-grossesse\/cytomegalovirus-et-grossesse\/\"  title=\"Plus ...\">Plus ...<\/a><\/p><\/div><div class=\"ccchildpage  ccfirst cceven ccpage-count-22 ccpage-id-1183 ccpage-parvovirus-et-grossesse ccpage-has-parent ccpage-pid-1127 ccpage-parent-pathologies-et-grossesse\"><h3>Parvovirus et grossesse<\/h3><div class=\"ccpages_excerpt\"><\/div><p class=\"ccpages_more\"><a href=\"http:\/\/gyneobs.com\/site\/obstetrique\/pathologies-et-grossesse\/parvovirus-et-grossesse\/\"  title=\"Plus ...\">Plus ...<\/a><\/p><\/div><div class=\"ccchildpage  ccodd ccpage-count-23 ccpage-id-2442 ccpage-addictions-et-grossesse ccpage-has-parent ccpage-pid-1127 ccpage-parent-pathologies-et-grossesse\"><h3>Addictions et grossesse<\/h3><div class=\"ccpages_excerpt\">Alcool et grossesse Boire de l\u2019alcool pendant la grossesse est toxique pour le f\u0153tus et peut entra\u00eener diverses complications (retard de croissance, atteintes du syst\u00e8me nerveux central, malformations\u2026), dont le syndrome d\u2019alcoolisation f\u0153tale est la forme la plus grave. En France, l\u2019expertise collective de l\u2019Inserm \u00ab Alcool, effets sur la sant\u00e9 \u00bb2, publi\u00e9e en 2001,...<\/div><p class=\"ccpages_more\"><a href=\"http:\/\/gyneobs.com\/site\/obstetrique\/pathologies-et-grossesse\/addictions-et-grossesse\/\"  title=\"Plus ...\">Plus ...<\/a><\/p><\/div><div class=\"ccchildpage  cclast cceven ccpage-count-24 ccpage-id-1112 ccpage-1112-2 ccpage-has-parent ccpage-pid-1127 ccpage-parent-pathologies-et-grossesse\"><h3>Alcool et grossesse<\/h3><div class=\"ccpages_excerpt\">I-Classification des cons\u00e9quences foetales de la consommation d\u2019alcool pendant la grossesse On distingue: le Syndrome d\u2019Alcoolisation F\u0153tale (SAF) proprement dit, les syndromes partiels ou incomplets et les Troubles Caus\u00e9s par l\u2019Alcoolisation F\u0153tale (TCAF) s\u2019exprimant de la naissance \u00e0 l\u2019adolescence.&nbsp; &nbsp; &nbsp; &nbsp; &nbsp; A-le Syndrome d\u2019Alcoolisation F\u0153tale (SAF) proprement dit Il concerne de 1 \u00e0...<\/div><p class=\"ccpages_more\"><a href=\"http:\/\/gyneobs.com\/site\/obstetrique\/pathologies-et-grossesse\/1112-2\/\"  title=\"Plus ...\">Plus ...<\/a><\/p><\/div><\/div><\/p>\n","protected":false},"excerpt":{"rendered":"","protected":false},"author":1,"featured_media":0,"parent":864,"menu_order":3,"comment_status":"closed","ping_status":"closed","template":"","meta":{"_exactmetrics_skip_tracking":false,"_exactmetrics_sitenote_active":false,"_exactmetrics_sitenote_note":"","_exactmetrics_sitenote_category":0,"footnotes":""},"class_list":["post-1127","page","type-page","status-publish","hentry","post"],"_links":{"self":[{"href":"http:\/\/gyneobs.com\/site\/wp-json\/wp\/v2\/pages\/1127","targetHints":{"allow":["GET"]}}],"collection":[{"href":"http:\/\/gyneobs.com\/site\/wp-json\/wp\/v2\/pages"}],"about":[{"href":"http:\/\/gyneobs.com\/site\/wp-json\/wp\/v2\/types\/page"}],"author":[{"embeddable":true,"href":"http:\/\/gyneobs.com\/site\/wp-json\/wp\/v2\/users\/1"}],"replies":[{"embeddable":true,"href":"http:\/\/gyneobs.com\/site\/wp-json\/wp\/v2\/comments?post=1127"}],"version-history":[{"count":2,"href":"http:\/\/gyneobs.com\/site\/wp-json\/wp\/v2\/pages\/1127\/revisions"}],"predecessor-version":[{"id":2458,"href":"http:\/\/gyneobs.com\/site\/wp-json\/wp\/v2\/pages\/1127\/revisions\/2458"}],"up":[{"embeddable":true,"href":"http:\/\/gyneobs.com\/site\/wp-json\/wp\/v2\/pages\/864"}],"wp:attachment":[{"href":"http:\/\/gyneobs.com\/site\/wp-json\/wp\/v2\/media?parent=1127"}],"curies":[{"name":"wp","href":"https:\/\/api.w.org\/{rel}","templated":true}]}}