{"id":1109,"date":"2019-07-04T06:22:07","date_gmt":"2019-07-04T04:22:07","guid":{"rendered":"http:\/\/gyneobs.com\/site\/?page_id=1109"},"modified":"2019-07-07T09:43:49","modified_gmt":"2019-07-07T07:43:49","slug":"alimentation-et-grossesse","status":"publish","type":"page","link":"http:\/\/gyneobs.com\/site\/obstetrique\/la-grossesse\/alimentation-et-grossesse\/","title":{"rendered":"Alimentation et grossesse"},"content":{"rendered":"\n<p class=\"has-drop-cap\">\u00c0 l\u2019exception de certains cas particuliers, il n\u2019est pas n\u00e9cessaire de prescrire de v\u00e9ritable r\u00e9gime \u00e0 la femme enceinte. L\u2019app\u00e9tit \u00e9tant stimul\u00e9 \u00e0 partir du deuxi\u00e8me trimestre, il est plut\u00f4t n\u00e9cessaire dans nos contr\u00e9es de lutter contre la boulimie et d\u2019expliquer qu\u2019il ne faut pas \u00abmanger pour deux\u00bb, les besoins caloriques du f\u0153tus en fin de grossesse ne d\u00e9passant pas 100 calories par jour. L\u2019alimentation de la femme enceinte doit avant tout rester \u00e9quilibr\u00e9e et vari\u00e9e avec cependant quelques particularit\u00e9s di\u00e9t\u00e9tiques.<\/p>\n\n\n\n<p><strong>D\u2019une mani\u00e8re g\u00e9n\u00e9rale, t<\/strong>oute consommation d\u2019alcool, m\u00eame minime ou occasionnelle,&nbsp; est formellement contre-indiqu\u00e9e. Il en est \u00e9videmment de m\u00eame de l\u2019usage de la drogue. Il est \u00e9galementconseill\u00e9 d\u2019\u00e9viter de fumer.&nbsp;<\/p>\n\n\n\n<h3 class=\"wp-block-heading\"><strong>Mesures d\u2019hygi\u00e8ne alimentaire<\/strong><\/h3>\n\n\n\n<p>Tout au cours de votre grossesse, il est conseill\u00e9 d\u2019\u00e9viter les aliments suivants&nbsp;:\t<\/p>\n\n\n\n<p>\t-Les fromages \u00e0 p\u00e2te molle ou persill\u00e9e, les bleus et les fromages vendus r\u00e2p\u00e9s. Ne pas consommer la cro\u00fbte des fromages.<\/p>\n\n\n\n<p>\t-Le lait cru (c\u2019est-\u00e0-dire non pasteuris\u00e9) ainsi que les aliments et fromages au lait cru.\t-Les poissons fum\u00e9s, surimi, tarama et les coquillages crus.<\/p>\n\n\n\n<p>\t-Les graines germ\u00e9es crues comme le soja.<\/p>\n\n\n\n<p>\t-Les charcuteries \u00e0 la coupe&nbsp;: p\u00e2t\u00e9s, rillettes, produits en gel\u00e9e, foie gras. Pour les produits de type jambon, pr\u00e9f\u00e9rer les produits pr\u00e9-emball\u00e9s et les consommer rapidement apr\u00e8s leur achat.<\/p>\n\n\n\n<p>Et puis, vous avez tout int\u00e9r\u00eat \u00e0 suivre les <strong>pr\u00e9cautions d\u2019hygi\u00e8ne classique<\/strong>&nbsp;:<\/p>\n\n\n\n<p>\t-Conserver les viandes non cuites s\u00e9par\u00e9ment des l\u00e9gumes et des aliments cuits ou pr\u00eats \u00e0 \u00eatre consomm\u00e9s.<\/p>\n\n\n\n<p>\t-Cuire soigneusement les aliments d\u2019origine animale ainsi que les restes alimentaires ou les plats cuisin\u00e9s, avant consommation.<\/p>\n\n\n\n<p>\t-Laver soigneusement les l\u00e9gumes crus et les herbes aromatiques.<\/p>\n\n\n\n<p>\t-Nettoyer couteaux et planches \u00e0 d\u00e9couper apr\u00e8s la manipulation d\u2019aliments non cuits et se laver fr\u00e9quemment les mains.<\/p>\n\n\n\n<p><strong>Si vous n\u2019\u00eates pas immunis\u00e9e contre la toxoplasmose<\/strong><\/p>\n\n\n\n<p>Votre gyn\u00e9cologue vous dira d\u00e8s le d\u00e9but de la grossesse si vous poss\u00e9dez&nbsp; des anticorps contre la toxoplasmose, maladie parasitaire habituellement b\u00e9nigne mais pouvant \u00eatre dangereuse si vous la contractez pendant la grossesse.&nbsp; Si vous n\u2019\u00eates pas immunis\u00e9e, il vous sera conseill\u00e9&nbsp;:<\/p>\n\n\n\n<p>\t-de manger la viande bien cuite&nbsp;;<\/p>\n\n\n\n<p>\t-de bien laver les l\u00e9gumes&nbsp;;<\/p>\n\n\n\n<p>\t-d\u2019\u00e9viter&nbsp; de se faire griffer par des chats et de ne pas nettoyer la liti\u00e8re de ces derniers.<\/p>\n\n\n\n<h3 class=\"wp-block-heading\"><strong>Les apports vitaminiques<\/strong><\/h3>\n\n\n\n<p>&nbsp;Les vitamines n\u00e9cessaires \u00e0 la grossesse se trouvent facilement dans une alimentation \u00e9quilibr\u00e9e. Consid\u00e9rons les \u00e9l\u00e9ments suivants:<\/p>\n\n\n\n<p>calcium &nbsp;:&nbsp;(1), iode&nbsp;: &nbsp;(2), fer&nbsp;:&nbsp;(3), vitamine&nbsp;C<a href=\"http:\/\/www.cngof.asso.fr\/D_PAGES\/PURPC_03.HTM%22%20%5Cl%20%22vitaminec#vitaminec\">*<\/a>&nbsp;:&nbsp;(4), acide folique&nbsp;:&nbsp;(5)&nbsp;<\/p>\n\n\n\n<p><strong><em>Essayez de manger 1 fois par repas&nbsp;:<\/em>&nbsp;<\/strong><\/p>\n\n\n\n<p>\u00a0&#8211; lait (1, 2), yaourt (1), fromages frais (1, 5), fromages press\u00e9s (1)<\/p>\n\n\n\n<p><strong><em>Essayez de manger 2 fois par jour&nbsp;:<\/em>&nbsp;<\/strong><\/p>\n\n\n\n<p>\u00a0&#8211; l\u00e9gumes<a href=\"http:\/\/www.cngof.asso.fr\/D_PAGES\/PURPC_03.HTM%22%20%5Cl%20%22legumes#legumes\">**<\/a> (5) : haricots verts, petits pois, \u00e9pinards, endives, courgettes, choux-fleurs, tomates, champignaons, carottes ;<\/p>\n\n\n\n<p>ou pommes de terre, riz, p\u00e2tes, l\u00e9gumes secs, ch\u00e2taignes, ma\u00efs, pois chiches (3, 5) ;<\/p>\n\n\n\n<p>et salade verte ou crudit\u00e9s (dont avocat et melon) ou potage de l\u00e9gumes (4, 5).<\/p>\n\n\n\n<p><strong><em>Et, mangez une fois par jour:<\/em><\/strong><\/p>\n\n\n\n<p>\u00a0&#8211; fruits de pays frais et agrumes (4, 5), \u00e9ventuellement fruits secs (3, 5).<\/p>\n\n\n\n<p>&#8211; poisson (ou fruits de mer) (2, 3) (au moins 2 \u00e0 3 fois par semaine);<\/p>\n\n\n\n<p>\u00a0&#8211; ou viande rouge ou blanche, volaille, etc. (3) ;<\/p>\n\n\n\n<p>\u00a0&#8211; ou \u00a0oeufs (2, 5) (au plus 2 \u00e0 3 fois par semaine).<\/p>\n\n\n\n<p>Il vaut toujours mieux utiliser du <em>sel iod\u00e9<\/em> (2) pour saler les aliments.&nbsp;<\/p>\n\n\n\n<p>Remarque : Il est \u00e0 noter que ce r\u00e9gime, s&rsquo;il contient \u00e9galement tous les jours du pain et\/ou des c\u00e9r\u00e9ales et des graisses en quantit\u00e9 raisonnable, dont au moins la moiti\u00e9 en huile, couvre les besoins dans tous les \u00e9l\u00e9ments nutritifs.&nbsp;<\/p>\n\n\n\n<p>____________________________________________<\/p>\n\n\n\n<p>*&nbsp;La vitamine C augmente l&rsquo;absorption du fer. Ainsi, il est pr\u00e9f\u00e9rable de consommer dans le m\u00eame temps les aliments apportant du fer et de la vitamine C.&nbsp;<\/p>\n\n\n\n<p>** Les l\u00e9gumes verts surgel\u00e9s apportent la m\u00eame quantit\u00e9 de vitamines que s&rsquo;ils sont frais.<\/p>\n\n\n\n<h3 class=\"wp-block-heading\"><strong>&nbsp; Suppl\u00e9mentation en \u00ab&nbsp;vitamines&nbsp;\u00bb pendant la grossesse<\/strong><\/h3>\n\n\n\n<p>L\u2019adjonction de m\u00e9dicaments \u00e0 base de vitamines pendant la grossesse ne doit pas \u00eatre syst\u00e9matique. Certaines vitamines donn\u00e9es en exc\u00e8s peuvent m\u00eame pr\u00e9senter des dangers.&nbsp; L\u2019int\u00e9r\u00eat de la prise la prise de vitamines doit reposer sur des donn\u00e9es scientifiques prouv\u00e9es. On trouvera ci-apr\u00e8s les recommandations officielles du Coll\u00e8ge National de Gyn\u00e9cologues-Obst\u00e9triciens fran\u00e7ais.<\/p>\n\n\n\n<p><strong>On dispose de donn\u00e9es <\/strong><strong>suffisantes <\/strong><strong>pour recommander :&nbsp;<\/strong><\/p>\n\n\n\n<p>&#8211; une dose unique de 100 000 UI de vitamine D au d\u00e9but du septi\u00e8me mois ;<\/p>\n\n\n\n<p>&#8211; une alimentation riche en folates dans la p\u00e9riode p\u00e9riconceptionnelle voire une suppl\u00e9mentation de folates 200 \u00b5g par jour.<\/p>\n\n\n\n<p><strong>On dispose de donn\u00e9es <\/strong><strong>acceptables<\/strong><strong> pour recommander :&nbsp;<\/strong><\/p>\n\n\n\n<p>&#8211; une alimentation comportant des sources essentielles en iode (lait, poisson, oeufs, utilisation d&rsquo;un sel enrichi en iode).<\/p>\n\n\n\n<p><strong>On dispose de donn\u00e9es <\/strong><strong>insuffisantes<\/strong><strong> pour recommander <\/strong>une suppl\u00e9mentation syst\u00e9matique en : Zinc, cuivre, s\u00e9l\u00e9nium et polyvitamines.<\/p>\n\n\n\n<p><strong>On dispose de donn\u00e9es <\/strong><strong>suffisantes<\/strong><strong> pour ne pas recommander <\/strong>de suppl\u00e9mentation syst\u00e9matique en : Prot\u00e9ines, fluor, fer, calcium, magn\u00e9sium.<\/p>\n\n\n\n<p><strong>On dispose de donn\u00e9es <\/strong><strong>acceptables <\/strong><strong>pour ne pas recommander <\/strong>de suppl\u00e9mentation syst\u00e9matique en:&nbsp; vitamine A.&nbsp;<\/p>\n\n\n\n<p><strong><em>&nbsp;On le voit, il n\u2019y a pas lieu de conseiller la prise syst\u00e9matique, aveugle et non cibl\u00e9e de complexes vitaminiques.<\/em><\/strong><\/p>\n","protected":false},"excerpt":{"rendered":"<p>\u00c0 l\u2019exception de certains cas particuliers, il n\u2019est pas n\u00e9cessaire de prescrire de v\u00e9ritable r\u00e9gime \u00e0 la femme enceinte. L\u2019app\u00e9tit \u00e9tant stimul\u00e9 \u00e0 partir du deuxi\u00e8me trimestre, il est plut\u00f4t n\u00e9cessaire dans nos contr\u00e9es de lutter contre la boulimie et d\u2019expliquer qu\u2019il ne faut pas \u00abmanger pour deux\u00bb, les besoins caloriques du f\u0153tus en fin [&hellip;]<\/p>\n","protected":false},"author":1,"featured_media":0,"parent":1067,"menu_order":8,"comment_status":"closed","ping_status":"closed","template":"","meta":{"_exactmetrics_skip_tracking":false,"_exactmetrics_sitenote_active":false,"_exactmetrics_sitenote_note":"","_exactmetrics_sitenote_category":0,"footnotes":""},"class_list":["post-1109","page","type-page","status-publish","hentry","post"],"_links":{"self":[{"href":"http:\/\/gyneobs.com\/site\/wp-json\/wp\/v2\/pages\/1109","targetHints":{"allow":["GET"]}}],"collection":[{"href":"http:\/\/gyneobs.com\/site\/wp-json\/wp\/v2\/pages"}],"about":[{"href":"http:\/\/gyneobs.com\/site\/wp-json\/wp\/v2\/types\/page"}],"author":[{"embeddable":true,"href":"http:\/\/gyneobs.com\/site\/wp-json\/wp\/v2\/users\/1"}],"replies":[{"embeddable":true,"href":"http:\/\/gyneobs.com\/site\/wp-json\/wp\/v2\/comments?post=1109"}],"version-history":[{"count":2,"href":"http:\/\/gyneobs.com\/site\/wp-json\/wp\/v2\/pages\/1109\/revisions"}],"predecessor-version":[{"id":2051,"href":"http:\/\/gyneobs.com\/site\/wp-json\/wp\/v2\/pages\/1109\/revisions\/2051"}],"up":[{"embeddable":true,"href":"http:\/\/gyneobs.com\/site\/wp-json\/wp\/v2\/pages\/1067"}],"wp:attachment":[{"href":"http:\/\/gyneobs.com\/site\/wp-json\/wp\/v2\/media?parent=1109"}],"curies":[{"name":"wp","href":"https:\/\/api.w.org\/{rel}","templated":true}]}}