{"id":1051,"date":"2019-07-03T22:07:06","date_gmt":"2019-07-03T20:07:06","guid":{"rendered":"http:\/\/gyneobs.com\/site\/?page_id=1051"},"modified":"2019-07-03T22:07:07","modified_gmt":"2019-07-03T20:07:07","slug":"facteurs-environnementaux-et-infertilite","status":"publish","type":"page","link":"http:\/\/gyneobs.com\/site\/infertilite-et-procreation-medicalement-assistee\/les-explorations\/facteurs-environnementaux-et-infertilite\/","title":{"rendered":"Facteurs environnementaux et infertilit\u00e9"},"content":{"rendered":"\n<h2 class=\"wp-block-heading\"><strong>Le tabac<\/strong><\/h2>\n\n\n\n<p>Le tabac est le plus dangereux des toxiques environnementaux susceptibles d\u2019alt\u00e9rer la fertilit\u00e9 et la fonction ovarienne. Il a un impact sur la st\u00e9ro\u00efdogen\u00e8se ovarienne, la folliculogen\u00e8se et la maturation ovocytaire, la qualit\u00e9 du fluide folliculaire, du complexe cumulo-ovocytaire, l\u2019ovulation, la f\u00e9condation, le transport tubaire, le d\u00e9veloppement embryonnaire et l\u2019implan- tation. L\u2019intoxication tabagique est associ\u00e9e \u00e0 un risque accru d\u2019insuffisance ovarienne pr\u00e9matur\u00e9e et de m\u00e9nopause pr\u00e9coce avanc\u00e9e d\u20191,5 \u00e0 2 ans. Une diminution significative du taux d\u2019inhibine B a \u00e9galement \u00e9t\u00e9 observ\u00e9e. Une relation n\u00e9gative entre tabagisme et qualit\u00e9 spermatique a \u00e9t\u00e9 d\u00e9montr\u00e9e: diminution du volume, du nombre et de la mobilit\u00e9 des spermatozo\u00efdes ; augmentation de la fragmentation de l\u2019ADN spermatique. L\u2019effet est dose-d\u00e9pendant avec une diminution du nombre total de spermatozo\u00efdes de 29 % pour &gt; 20 cigarettes par jour. On note \u00e9galement une diminution des chances de grossesse en FIV et en ICSI si le p\u00e8re est fumeur. Le tabagisme du p\u00e8re est associ\u00e9 \u00e0 un risque augment\u00e9 de leuc\u00e9mie aigu\u00eb lymphoblastique chez la descendance.<\/p>\n\n\n\n<p>Le tabagisme maternel poursuivi pendant la grossesse a des cons\u00e9quences sur la sant\u00e9 des enfants. Ainsi on observe: petits poids de naissance, ob\u00e9sit\u00e9 de l\u2019enfant (d\u00e8s la petite enfance), alt\u00e9ration de la fertilit\u00e9 future.<\/p>\n\n\n\n<h2 class=\"wp-block-heading\"><strong>L\u2019alcool<\/strong><\/h2>\n\n\n\n<p>Les mod\u00e8les animaux soulignent la toxicit\u00e9 de l\u2019alcool sur l\u2019ut\u00e9rus, sur l\u2019ovaire, sur l\u2019axe hypothalamo-hypophysaire et l\u2019ovulation.&nbsp;<\/p>\n\n\n\n<p>Chez l\u2019homme, en cas de consommation d\u2019alcool, on retrouve une diminution significative de la mobilit\u00e9, puis de la concentration et de la morphologie spermatique par toxicit\u00e9 directe sur les cellules de Leydig et de Sertoli . Une atteinte de l\u2019axe hypothalamohypophysaire est possible. Sont observ\u00e9s une atrophie testiculaire si &gt; 80 g d\u2019alcool par jour, un arr\u00eat de maturation chez 52 % des consommateurs et un syndrome Sertoli cell-only chez 11 %. Cette toxicit\u00e9 est r\u00e9versible lors du sevrage alcoolique, argument suppl\u00e9mentaire pour l\u2019arr\u00eat de la consommation.<\/p>\n\n\n\n<p>Les cons\u00e9quences d\u2019une consommation maternelle d\u2019alcool sur le f\u0153tus sont bien connues, avec notamment un syndrome d\u2019alcoolisation f\u0153tale, caract\u00e9ris\u00e9 par un retard de croissance intra-ut\u00e9rin, des anomalies morphologiques faciales, des anomalies musculo-squelettiques, des d\u00e9ficits cognitifs et des troubles neurologiques.&nbsp;<\/p>\n\n\n\n<h2 class=\"wp-block-heading\"><strong>Le cannabis<\/strong><\/h2>\n\n\n\n<p>Le cannabis pourrait ainsi interf\u00e9rer avec la maturation ovocytaire et les capacit\u00e9s de reproduction chez la femme. Chez l\u2019homme, une diminution significative dose-d\u00e9pendante de la mobilit\u00e9 et de la r\u00e9action acrosomale spontan\u00e9e et induite.&nbsp;<\/p>\n\n\n\n<p>Cette consommation double \u00e9galement le risque de d\u00e9velopper un cancer des testicules de type germinal en particulier les cancers testiculaires de mauvais pronostic chez l\u2019homme jeune (tumeurs germinales non s\u00e9minomateuses et germinales mixtes).<\/p>\n\n\n\n<h2 class=\"wp-block-heading\"><strong>La coca\u00efne<\/strong><\/h2>\n\n\n\n<p>La consommation de coca\u00efne a un impact n\u00e9gatif sur la qualit\u00e9 du sperme. Il n\u2019a pas \u00e9t\u00e9 retrouv\u00e9 d\u2019\u00e9tudes montrant un lien significatif entre consommation de coca\u00efne et fertilit\u00e9 chez la femme.&nbsp;<\/p>\n\n\n\n<p>On a montr\u00e9 de effets n\u00e9fastes d\u2019une exposition in utero \u00e0 la coca\u00efne et autres drogues comme la marijuana, les amph\u00e9tamines et les opiac\u00e9s : pr\u00e9maturit\u00e9, diminution du poids de naissance, d\u00e9ficits cognitifs, troubles de la m\u00e9moire et troubles du comportement.<\/p>\n\n\n\n<h2 class=\"wp-block-heading\"><strong>Les ondes \u00e9lectromagn\u00e9tiques<\/strong><\/h2>\n\n\n\n<p>Les ondes \u00e9lectromagn\u00e9tiques impactent la sant\u00e9 humaine par effet thermique, stress oxydatif et alt\u00e9ration de l\u2019ADN. Leur effet d\u00e9l\u00e9- t\u00e8re sur les param\u00e8tres spermatiques et la r\u00e9serve ovarienne est d\u00e9montr\u00e9 in vitro et chez l\u2019animal. Le niveau de preuve chez l\u2019homme est insuffisant pour d\u00e9montrer un impact sur l\u2019infertilit\u00e9, mais il y a un effet possible sur le risque de fausse couche.&nbsp; L\u2019impact n\u00e9gatif de l\u2019exposition aux radiations du t\u00e9l\u00e9phone portable chez la femme n\u2019est pas d\u00e9montr\u00e9.&nbsp;<\/p>\n\n\n\n<p>En revanche, l\u2019utilisation du t\u00e9l\u00e9phone portable chez l\u2019homme a un impact n\u00e9gatif sur les param\u00e8tres spermatiques de m\u00eame que les ondes Wi-fi.<\/p>\n\n\n\n<p>Les effets sur le foetus n\u2019ont pas (encore) \u00e9t\u00e9 d\u00e9montr\u00e9s.<\/p>\n\n\n\n<h2 class=\"wp-block-heading\"><strong>Le stress<\/strong><\/h2>\n\n\n\n<p>Le stress psychologique peut alt\u00e9rer les capacit\u00e9s de reproduc- tion de la femme, par diff\u00e9rents m\u00e9canismes. Il alt\u00e8re \u00e9galement la qualit\u00e9 spermatique. Le stress a un impact n\u00e9gatif en AMP.&nbsp;<br><\/p>\n","protected":false},"excerpt":{"rendered":"<p>Le tabac Le tabac est le plus dangereux des toxiques environnementaux susceptibles d\u2019alt\u00e9rer la fertilit\u00e9 et la fonction ovarienne. Il a un impact sur la st\u00e9ro\u00efdogen\u00e8se ovarienne, la folliculogen\u00e8se et la maturation ovocytaire, la qualit\u00e9 du fluide folliculaire, du complexe cumulo-ovocytaire, l\u2019ovulation, la f\u00e9condation, le transport tubaire, le d\u00e9veloppement embryonnaire et l\u2019implan- tation. L\u2019intoxication tabagique [&hellip;]<\/p>\n","protected":false},"author":1,"featured_media":0,"parent":1378,"menu_order":5,"comment_status":"closed","ping_status":"closed","template":"","meta":{"_exactmetrics_skip_tracking":false,"_exactmetrics_sitenote_active":false,"_exactmetrics_sitenote_note":"","_exactmetrics_sitenote_category":0,"footnotes":""},"class_list":["post-1051","page","type-page","status-publish","hentry","post"],"_links":{"self":[{"href":"http:\/\/gyneobs.com\/site\/wp-json\/wp\/v2\/pages\/1051","targetHints":{"allow":["GET"]}}],"collection":[{"href":"http:\/\/gyneobs.com\/site\/wp-json\/wp\/v2\/pages"}],"about":[{"href":"http:\/\/gyneobs.com\/site\/wp-json\/wp\/v2\/types\/page"}],"author":[{"embeddable":true,"href":"http:\/\/gyneobs.com\/site\/wp-json\/wp\/v2\/users\/1"}],"replies":[{"embeddable":true,"href":"http:\/\/gyneobs.com\/site\/wp-json\/wp\/v2\/comments?post=1051"}],"version-history":[{"count":1,"href":"http:\/\/gyneobs.com\/site\/wp-json\/wp\/v2\/pages\/1051\/revisions"}],"predecessor-version":[{"id":1052,"href":"http:\/\/gyneobs.com\/site\/wp-json\/wp\/v2\/pages\/1051\/revisions\/1052"}],"up":[{"embeddable":true,"href":"http:\/\/gyneobs.com\/site\/wp-json\/wp\/v2\/pages\/1378"}],"wp:attachment":[{"href":"http:\/\/gyneobs.com\/site\/wp-json\/wp\/v2\/media?parent=1051"}],"curies":[{"name":"wp","href":"https:\/\/api.w.org\/{rel}","templated":true}]}}